{"id":7,"date":"2025-02-13T14:48:10","date_gmt":"2025-02-13T14:48:10","guid":{"rendered":"https:\/\/htg.ind.br\/?page_id=7"},"modified":"2025-11-21T14:11:31","modified_gmt":"2025-11-21T14:11:31","slug":"home","status":"publish","type":"page","link":"https:\/\/htg.ind.br\/pt\/","title":{"rendered":"Home"},"content":{"rendered":"<div class=\"wpb-content-wrapper\"><p>[vc_row bg_image=&#8221;12&#8243; class=&#8221;lin-h-ban&#8221;][vc_column width=&#8221;1\/1&#8243;][vc_single_image image=&#8221;10&#8243; img_size=&#8221;full&#8221; alignment=&#8221;right&#8221; css_animation=&#8221;fadeInLeft&#8221; el_class=&#8221;img-h-ban&#8221;][vc_column_text css_animation=&#8221;fadeInRight&#8221; el_class=&#8221;tit-h-ban-1 whi fak&#8221;]Tradi\u00e7\u00e3o e inova\u00e7\u00e3o<br \/>\n<span class=\"tit-h-ban-2\">transformados em valores<\/span>[\/vc_column_text][vc_row_inner][vc_column_inner el_class=&#8221;col-h-bot-ger&#8221;][vc_btn title=&#8221;Saiba mais sobre nossa empresa&#8221; css_animation=&#8221;fadeInDown&#8221; el_class=&#8221;bot-h-ban&#8221; link=&#8221;url:%23somos&#8221;][\/vc_column_inner][\/vc_row_inner][\/vc_column][\/vc_row][vc_row bg_color=&#8221;#143f35&#8243; class=&#8221;lin-h-fun&#8221; row_id=&#8221;somos&#8221;][vc_column width=&#8221;1\/1&#8243;][vc_column_text css_animation=&#8221;fadeInLeft&#8221; el_class=&#8221;tit-h-fun fak whi&#8221;]A Sem Fronteiras agora \u00e9 HTG Hermes Tobacco Group[\/vc_column_text][vc_column_text css_animation=&#8221;fadeInRight&#8221; el_class=&#8221;tex-h-fun fin whi&#8221;]Somos uma empresa que alia tradi\u00e7\u00e3o e inova\u00e7\u00e3o no beneficiamento de tabaco. Estamos expandindo nossas opera\u00e7\u00f5es com uma nova planta industrial em Vera Cruz (RS), representando nosso compromisso com a excel\u00eancia e o crescimento sustent\u00e1vel.[\/vc_column_text][vc_row_inner el_class=&#8221;slin-h-fun show-desk hide&#8221;][vc_column_inner width=&#8221;1\/2&#8243;][vc_column_text css_animation=&#8221;fadeInRight&#8221; el_class=&#8221;stit-h-fun-a1 fin whi&#8221;]\u00c1rea total[\/vc_column_text][vc_column_text css_animation=&#8221;fadeInRight&#8221; el_class=&#8221;stit-h-fun-a2 fin whi&#8221;]\u00c1rea constru\u00edda[\/vc_column_text][vc_column_text css_animation=&#8221;fadeInRight&#8221; el_class=&#8221;stit-h-fun-a3 fin whi&#8221;]In\u00edcio das opera\u00e7\u00f5es[\/vc_column_text][\/vc_column_inner][vc_column_inner width=&#8221;1\/2&#8243;][vc_column_text css_animation=&#8221;fadeInLeft&#8221; el_class=&#8221;stit-h-fun-b1 fin whi&#8221;]65.000 m\u00b2[\/vc_column_text][vc_column_text css_animation=&#8221;fadeInLeft&#8221; el_class=&#8221;stit-h-fun-b2 fin whi&#8221;]30.000 m\u00b2[\/vc_column_text][vc_column_text css_animation=&#8221;fadeInLeft&#8221; el_class=&#8221;stit-h-fun-b3 fin whi&#8221;]Safra 2026[\/vc_column_text][\/vc_column_inner][\/vc_row_inner][vc_row_inner el_class=&#8221;slin-h-fun show-mobi hide&#8221;][vc_column_inner][vc_column_text css_animation=&#8221;fadeInRight&#8221; el_class=&#8221;stit-h-fun-a1 fin whi&#8221;]\u00c1rea total[\/vc_column_text][vc_column_text css_animation=&#8221;fadeInLeft&#8221; el_class=&#8221;stit-h-fun-b2 fin whi&#8221;]65.000 m\u00b2[\/vc_column_text][vc_column_text css_animation=&#8221;fadeInRight&#8221; el_class=&#8221;stit-h-fun-a2 fin whi&#8221;]\u00c1rea constru\u00edda[\/vc_column_text][vc_column_text css_animation=&#8221;fadeInLeft&#8221; el_class=&#8221;stit-h-fun-b1 fin whi&#8221;]30.000 m\u00b2[\/vc_column_text][vc_column_text css_animation=&#8221;fadeInRight&#8221; el_class=&#8221;stit-h-fun-a3 fin whi&#8221;]In\u00edcio das opera\u00e7\u00f5es[\/vc_column_text][vc_column_text css_animation=&#8221;fadeInLeft&#8221; el_class=&#8221;stit-h-fun-b3 fin whi&#8221;]Safra 2026[\/vc_column_text][\/vc_column_inner][\/vc_row_inner][vc_column_text css_animation=&#8221;fadeInDown&#8221; el_class=&#8221;stex-h-fun fin whi hide&#8221;]A nova f\u00e1brica oferece uma infraestrutura moderna, garantindo mais efici\u00eancia e seguran\u00e7a, pronta para atender \u00e0s necessidades do mercado.[\/vc_column_text][\/vc_column][\/vc_row][vc_row bg_image=&#8221;14&#8243; class=&#8221;lin-h-img hide&#8221;][vc_column animation=&#8221;fade-in-from-left&#8221; width=&#8221;1\/1&#8243; delay=&#8221;300&#8243;][\/vc_column][\/vc_row][vc_row class=&#8221;lin-h-emp&#8221; row_id=&#8221;sobre&#8221;][vc_column width=&#8221;1\/1&#8243;][vc_column_text css_animation=&#8221;fadeInDown&#8221; el_class=&#8221;tit-h-emp fak grn&#8221;]Sobre a Empresa[\/vc_column_text][vc_row_inner el_class=&#8221;slin-h-emp show-desk&#8221;][vc_column_inner el_class=&#8221;scol-h-emp-1&#8243; width=&#8221;1\/4&#8243;][vc_column_text css_animation=&#8221;fadeInRight&#8221; el_class=&#8221;stit-h-emp-1 fin grn&#8221;]<img loading=\"lazy\" decoding=\"async\" class=\"alignnone size-full wp-image-11\" src=\"https:\/\/htg.ind.br\/wp-content\/uploads\/2025\/02\/det-log-HTG-Hermes-Tobacco-Company.png\" alt=\"\" width=\"48\" height=\"47\" \/>Miss\u00e3o[\/vc_column_text][vc_column_text css_animation=&#8221;fadeInRight&#8221; el_class=&#8221;stit-h-emp-2 fin grn&#8221;]<img loading=\"lazy\" decoding=\"async\" class=\"alignnone size-full wp-image-11\" src=\"https:\/\/htg.ind.br\/wp-content\/uploads\/2025\/02\/det-log-HTG-Hermes-Tobacco-Company.png\" alt=\"\" width=\"48\" height=\"47\" \/>Vis\u00e3o[\/vc_column_text][vc_column_text css_animation=&#8221;fadeInRight&#8221; el_class=&#8221;stit-h-emp-3 fin grn&#8221;]<img loading=\"lazy\" decoding=\"async\" class=\"alignnone size-full wp-image-11\" src=\"https:\/\/htg.ind.br\/wp-content\/uploads\/2025\/02\/det-log-HTG-Hermes-Tobacco-Company.png\" alt=\"\" width=\"48\" height=\"47\" \/>Valores[\/vc_column_text][\/vc_column_inner][vc_column_inner el_class=&#8221;scol-h-emp-2&#8243; width=&#8221;3\/4&#8243;][vc_column_text css_animation=&#8221;fadeInLeft&#8221; el_class=&#8221;tex-h-emp fin&#8221;]Estabelecer uma conex\u00e3o saud\u00e1vel e eficaz entre \u201cTradi\u00e7\u00e3o\u201d e \u201cInova\u00e7\u00e3o\u201d, colaborando com uma evolu\u00e7\u00e3o sustent\u00e1vel do setor Fumageiro.[\/vc_column_text][vc_column_text css_animation=&#8221;fadeInLeft&#8221; el_class=&#8221;tex-h-emp fin&#8221;]Ser refer\u00eancia no setor em que atua, destacando-se por premissas como honestidade e transpar\u00eancia em todas as suas rela\u00e7\u00f5es.<br \/>\n[\/vc_column_text][vc_column_text css_animation=&#8221;fadeInLeft&#8221; el_class=&#8221;tex-h-emp fin&#8221;]\u2022 Comprometimento: Estar sempre atento as necessidades dos clientes, da empresa e de seus colaboradores, agindo com sabedoria e idoneidade.<\/p>\n<p>\u2022 Parcerias: Acreditamos que o caminho das \u201calian\u00e7as\u201d e \u201cparcerias s\u00f3lidas e confi\u00e1veis\u201d \u00e9 o mais curto e pavimentado para alcan\u00e7armos os nossos objetivos.<\/p>\n<p>\u2022 Responsabilidade: Lembrar sempre do seu compromisso com a sustentabilidade social e ambiental.<\/p>\n<p>\u2022 Humildade: Estar ciente que a vida \u00e9 um eterno aprendizado, e que por mais experi\u00eancia que tivermos sempre teremos coisas novas e importantes a aprender.<\/p>\n<p>\u2022 Humanidade: Entender que sozinho tudo \u00e9 mais dif\u00edcil, que juntos somos mais fortes, e que juntos e unidos em prol do mesmo objetivo somos Invenc\u00edveis.<\/p>\n<p>\u2022 Mensagem: N\u00e3o importa o qu\u00e3o duro foi e ainda ser\u00e1 o caminho, a certeza do que somos e do que fazemos diariamente nos permite percorrer o mesmo com tranquilidade at\u00e9 o nosso Destino.[\/vc_column_text][\/vc_column_inner][\/vc_row_inner][vc_row_inner el_class=&#8221;slin-h-emp show-mobi&#8221;][vc_column_inner el_class=&#8221;scol-h-emp-1&#8243;][vc_column_text css_animation=&#8221;fadeInRight&#8221; el_class=&#8221;stit-h-emp-1 fin grn&#8221;]<img loading=\"lazy\" decoding=\"async\" class=\"alignnone size-full wp-image-11\" src=\"https:\/\/htg.ind.br\/wp-content\/uploads\/2025\/02\/det-log-HTG-Hermes-Tobacco-Company.png\" alt=\"\" width=\"48\" height=\"47\" \/>Miss\u00e3o[\/vc_column_text][vc_column_text css_animation=&#8221;fadeInLeft&#8221; el_class=&#8221;tex-h-emp fin&#8221;]Estabelecer uma conex\u00e3o saud\u00e1vel e eficaz entre \u201cTradi\u00e7\u00e3o\u201d e \u201cInova\u00e7\u00e3o\u201d, colaborando com uma evolu\u00e7\u00e3o sustent\u00e1vel do setor Fumageiro.[\/vc_column_text][vc_column_text css_animation=&#8221;fadeInRight&#8221; el_class=&#8221;stit-h-emp-2 fin grn&#8221;]<img loading=\"lazy\" decoding=\"async\" class=\"alignnone size-full wp-image-11\" src=\"https:\/\/htg.ind.br\/wp-content\/uploads\/2025\/02\/det-log-HTG-Hermes-Tobacco-Company.png\" alt=\"\" width=\"48\" height=\"47\" \/>Vis\u00e3o[\/vc_column_text][vc_column_text css_animation=&#8221;fadeInLeft&#8221; el_class=&#8221;tex-h-emp fin&#8221;]Ser refer\u00eancia no setor em que atua, destacando-se por premissas como honestidade e transpar\u00eancia em todas as suas rela\u00e7\u00f5es.[\/vc_column_text][vc_column_text css_animation=&#8221;fadeInRight&#8221; el_class=&#8221;stit-h-emp-3 fin grn&#8221;]<img loading=\"lazy\" decoding=\"async\" class=\"alignnone size-full wp-image-11\" src=\"https:\/\/htg.ind.br\/wp-content\/uploads\/2025\/02\/det-log-HTG-Hermes-Tobacco-Company.png\" alt=\"\" width=\"48\" height=\"47\" \/>Valores[\/vc_column_text][vc_column_text css_animation=&#8221;fadeInLeft&#8221; el_class=&#8221;tex-h-emp fin&#8221;]\u2022 Comprometimento: Estar sempre atento as necessidades dos clientes, da empresa e de seus colaboradores, agindo com sabedoria e idoneidade.<\/p>\n<p>\u2022 Parcerias: Acreditamos que o caminho das \u201calian\u00e7as\u201d e \u201cparcerias s\u00f3lidas e confi\u00e1veis\u201d \u00e9 o mais curto e pavimentado para alcan\u00e7armos os nossos objetivos.<\/p>\n<p>\u2022 Responsabilidade: Lembrar sempre do seu compromisso com a sustentabilidade social e ambiental.<\/p>\n<p>\u2022 Humildade: Estar ciente que a vida \u00e9 um eterno aprendizado, e que por mais experi\u00eancia que tivermos sempre teremos coisas novas e importantes a aprender.<\/p>\n<p>\u2022 Humanidade: Entender que sozinho tudo \u00e9 mais dif\u00edcil, que juntos somos mais fortes, e que juntos e unidos em prol do mesmo objetivo somos Invenc\u00edveis.<\/p>\n<p>\u2022 Mensagem: N\u00e3o importa o qu\u00e3o duro foi e ainda ser\u00e1 o caminho, a certeza do que somos e do que fazemos diariamente nos permite percorrer o mesmo com tranquilidade at\u00e9 o nosso Destino.[\/vc_column_text][\/vc_column_inner][\/vc_row_inner][\/vc_column][\/vc_row][vc_row bg_color=&#8221;#d6b82d&#8221; class=&#8221;lin-h-pro&#8221; row_id=&#8221;produtos&#8221;][vc_column width=&#8221;1\/1&#8243;][vc_column_text css_animation=&#8221;fadeInRight&#8221; el_class=&#8221;tit-h-pro fak grn&#8221;]Produtos[\/vc_column_text][vc_column_text css_animation=&#8221;fadeInLeft&#8221; el_class=&#8221;tex-h-pro fin whi&#8221;]Descubra a ess\u00eancia \u00fanica do tabaco em nossa sele\u00e7\u00e3o de produtos de qualidade exclusiva. Oferecemos uma linha completa de produtos processados com precis\u00e3o e excel\u00eancia para atender \u00e0s necessidades dos nossos clientes e do mercado.[\/vc_column_text][vc_row_inner][vc_column_inner el_class=&#8221;col-h-bot-ger&#8221;][vc_btn title=&#8221;Veja nossos produtos&#8221; css_animation=&#8221;fadeInDown&#8221; el_class=&#8221;bot-ban bot-h-pro&#8221; link=&#8221;url:https%3A%2F%2Fhtg.ind.br%2Fprodutos%2F|title:Produtos&#8221;][\/vc_column_inner][\/vc_row_inner][\/vc_column][\/vc_row][vc_row type=&#8221;full_width_section&#8221; class=&#8221;lin-h-cap&#8221; row_id=&#8221;processamento&#8221;][vc_column el_class=&#8221;col-cap-1&#8243; width=&#8221;1\/2&#8243;][vc_row_inner el_class=&#8221;slin-cap-1&#8243;][vc_column_inner][vc_column_text css_animation=&#8221;fadeInRight&#8221; el_class=&#8221;tit-h-cap fak grn hide&#8221;]Capacidade de Processamento[\/vc_column_text][vc_column_text css_animation=&#8221;fadeInLeft&#8221; el_class=&#8221;tex-h-cap fin&#8221;]Trabalhar no sistema de produ\u00e7\u00e3o inteligente e de qualidade se tornou para a HTG o pilar primordial nos seus neg\u00f3cios.[\/vc_column_text][vc_column_text css_animation=&#8221;fadeInLeft&#8221; el_class=&#8221;tex-h-cap fin hide&#8221;]Com um moderno sistema de produc\u0327a\u0303o e armazenamento, a HTG garante efici\u00eancia e qualidade.[\/vc_column_text][vc_column_text css_animation=&#8221;fadeInLeft&#8221; el_class=&#8221;tex-h-cap fin hide&#8221;]Com um moderno sistema de produc\u0327a\u0303o e armazenamento, a HTG tem capacidade para processar mais de 15 milho\u0303es de quilos de tabaco anualmente, garantindo eficie\u0302ncia e qualidade.[\/vc_column_text][\/vc_column_inner][\/vc_row_inner][\/vc_column][vc_column el_class=&#8221;col-cap-2&#8243; bg_image=&#8221;13&#8243; width=&#8221;1\/2&#8243;][vc_row_inner el_class=&#8221;slin-cap-2 show-desk&#8221;][vc_column_inner][vc_column_text css_animation=&#8221;fadeInDown&#8221; el_class=&#8221;stit-h-cap-1 fin whi hide&#8221;]Capacidade de<br \/>\n<span class=\"stit-h-cap-2\">15 milh\u00f5es<\/span><br \/>\nde quilos<br \/>\nprocessados.[\/vc_column_text][vc_column_text css_animation=&#8221;fadeInDown&#8221; el_class=&#8221;stit-h-cap-1 fin whi&#8221;][\/vc_column_text][\/vc_column_inner][\/vc_row_inner][\/vc_column][\/vc_row][vc_row type=&#8221;full_width_section&#8221; class=&#8221;lin-h-cap show-desk&#8221; row_id=&#8221;localizacao&#8221;][vc_column animation=&#8221;fade-in-from-top&#8221; width=&#8221;1\/2&#8243; delay=&#8221;300&#8243;][vc_raw_html]JTNDaWZyYW1lJTIwc3JjJTNEJTIyaHR0cHMlM0ElMkYlMkZ3d3cuZ29vZ2xlLmNvbSUyRm1hcHMlMkZlbWJlZCUzRnBiJTNEJTIxMW0xOCUyMTFtMTIlMjExbTMlMjExZDM0NjQuOTQ4NTAzNzQyNDUxJTIxMmQtNTIuNTE2Mjk5NDk5OTk5OTk1JTIxM2QtMjkuNzIxMjUwODk5OTk5OTk0JTIxMm0zJTIxMWYwJTIxMmYwJTIxM2YwJTIxM20yJTIxMWkxMDI0JTIxMmk3NjglMjE0ZjEzLjElMjEzbTMlMjExbTIlMjExczB4OTUxY2JhYjdiNTg0MWE2NyUyNTNBMHg5MTc1NmNmMjJhNGQ5ZjRiJTIxMnNSLiUyNTIwQWRvbGZvJTI1MjBUaGllbCUyNTJDJTI1MjAxMjIlMjUyMC0lMjUyMEluZHVzdHJpYWwlMjUyMDIlMjUyQyUyNTIwVmVyYSUyNTIwQ3J1eiUyNTIwLSUyNTIwUlMlMjUyQyUyNTIwOTY4ODAtMDAwJTIxNWUwJTIxM20yJTIxMXNlbiUyMTJzYnIlMjE0djE3NTI3ODU1NjMxMDElMjE1bTIlMjExc2VuJTIxMnNiciUyMiUyMHdpZHRoJTNEJTIyMTAwJTI1JTIyJTIwaGVpZ2h0JTNEJTIyNjUwJTIyJTIwc3R5bGUlM0QlMjJib3JkZXIlM0EwJTNCJTIyJTIwYWxsb3dmdWxsc2NyZWVuJTNEJTIyJTIyJTIwbG9hZGluZyUzRCUyMmxhenklMjIlMjByZWZlcnJlcnBvbGljeSUzRCUyMm5vLXJlZmVycmVyLXdoZW4tZG93bmdyYWRlJTIyJTNFJTNDJTJGaWZyYW1lJTNF[\/vc_raw_html][\/vc_column][vc_column width=&#8221;1\/2&#8243;][vc_row_inner][vc_column_inner el_class=&#8221;slin-loc-2&#8243;][vc_column_text css_animation=&#8221;fadeInLeft&#8221; el_class=&#8221;tit-h-loc fak grn&#8221;]Localiza\u00e7\u00e3o[\/vc_column_text][vc_column_text css_animation=&#8221;fadeInRight&#8221; el_class=&#8221;tex-h-loc fin&#8221;]Estamos localizados estrategicamente no distrito industrial de Vera Cruz (RS), em uma regi\u00e3o que oferece excelentes condi\u00e7\u00f5es log\u00edsticas. A localiza\u00e7\u00e3o de nossa nova planta industrial possibilita um atendimento mais r\u00e1pido e eficiente aos nossos clientes.[\/vc_column_text][\/vc_column_inner][\/vc_row_inner][\/vc_column][\/vc_row][vc_row class=&#8221;lin-h-cap show-mobi&#8221; row_id=&#8221;localizacao&#8221;][vc_column width=&#8221;1\/1&#8243;][vc_row_inner][vc_column_inner el_class=&#8221;slin-loc-2&#8243;][vc_column_text css_animation=&#8221;fadeInLeft&#8221; el_class=&#8221;tit-h-loc fak grn&#8221;]Localiza\u00e7\u00e3o[\/vc_column_text][vc_column_text css_animation=&#8221;fadeInRight&#8221; el_class=&#8221;tex-h-loc fin&#8221;]Estamos localizados estrategicamente no distrito industrial de Vera Cruz (RS), em uma regi\u00e3o que oferece excelentes condi\u00e7\u00f5es log\u00edsticas. A localiza\u00e7\u00e3o de nossa nova planta industrial possibilita um atendimento mais r\u00e1pido e eficiente aos nossos clientes.[\/vc_column_text][vc_column_text css_animation=&#8221;fadeInRight&#8221; el_class=&#8221;tex-h-loc fin hide&#8221;]Estamos localizados estrategicamente no Km 115 da RSC 287, em Vera Cruz (RS), em uma regi\u00e3o que oferece excelentes condi\u00e7\u00f5es log\u00edsticas. A localiza\u00e7\u00e3o de nossa nova planta industrial possibilita um atendimento mais r\u00e1pido e eficiente aos nossos clientes.[\/vc_column_text][vc_raw_html]JTNDaWZyYW1lJTIwc3JjJTNEJTIyaHR0cHMlM0ElMkYlMkZ3d3cuZ29vZ2xlLmNvbSUyRm1hcHMlMkZlbWJlZCUzRnBiJTNEJTIxMW0xOCUyMTFtMTIlMjExbTMlMjExZDM0NjQuOTQ4NTAzNzQyNDUxJTIxMmQtNTIuNTE2Mjk5NDk5OTk5OTk1JTIxM2QtMjkuNzIxMjUwODk5OTk5OTk0JTIxMm0zJTIxMWYwJTIxMmYwJTIxM2YwJTIxM20yJTIxMWkxMDI0JTIxMmk3NjglMjE0ZjEzLjElMjEzbTMlMjExbTIlMjExczB4OTUxY2JhYjdiNTg0MWE2NyUyNTNBMHg5MTc1NmNmMjJhNGQ5ZjRiJTIxMnNSLiUyNTIwQWRvbGZvJTI1MjBUaGllbCUyNTJDJTI1MjAxMjIlMjUyMC0lMjUyMEluZHVzdHJpYWwlMjUyMDIlMjUyQyUyNTIwVmVyYSUyNTIwQ3J1eiUyNTIwLSUyNTIwUlMlMjUyQyUyNTIwOTY4ODAtMDAwJTIxNWUwJTIxM20yJTIxMXNlbiUyMTJzYnIlMjE0djE3NTI3ODU1NjMxMDElMjE1bTIlMjExc2VuJTIxMnNiciUyMiUyMHdpZHRoJTNEJTIyMTAwJTI1JTIyJTIwaGVpZ2h0JTNEJTIyNjUwJTIyJTIwc3R5bGUlM0QlMjJib3JkZXIlM0EwJTNCJTIyJTIwYWxsb3dmdWxsc2NyZWVuJTNEJTIyJTIyJTIwbG9hZGluZyUzRCUyMmxhenklMjIlMjByZWZlcnJlcnBvbGljeSUzRCUyMm5vLXJlZmVycmVyLXdoZW4tZG93bmdyYWRlJTIyJTNFJTNDJTJGaWZyYW1lJTNF[\/vc_raw_html][\/vc_column_inner][\/vc_row_inner][\/vc_column][\/vc_row][vc_row class=&#8221;lin-h-con&#8221; row_id=&#8221;contato&#8221;][vc_column width=&#8221;1\/3&#8243;][vc_column_text el_class=&#8221;tex-h-con-1 fin whi&#8221;]<a href=\"http:\/\/wa.me\/5196148831\" target=\"_blank\" rel=\"noopener\"><img loading=\"lazy\" decoding=\"async\" class=\"alignnone size-full wp-image-17\" src=\"https:\/\/htg.ind.br\/wp-content\/uploads\/2025\/02\/icone-fone-HTG-Hermes-Tobacco-Company.png\" alt=\"\" width=\"44\" height=\"44\" \/> (51) 99614.8831<\/a>[\/vc_column_text][\/vc_column][vc_column width=&#8221;1\/3&#8243;][vc_column_text el_class=&#8221;tex-h-con-2 fin whi&#8221;]<a href=\"mailto:contato@htg.ind.br\"><img loading=\"lazy\" decoding=\"async\" class=\"alignnone wp-image-15 size-full\" src=\"https:\/\/htg.ind.br\/wp-content\/uploads\/2025\/02\/icone-email-HTG-Hermes-Tobacco-Company.png\" alt=\"\" width=\"46\" height=\"31\" \/> contato@htg.ind.br<\/a>[\/vc_column_text][\/vc_column][vc_column width=&#8221;1\/3&#8243;][vc_column_text el_class=&#8221;tex-h-con-3 fin whi&#8221;]Siga-nos <a href=\"https:\/\/www.instagram.com\/htgtobacco\/\" target=\"_blank\" rel=\"noopener\"><img loading=\"lazy\" decoding=\"async\" class=\"alignnone size-full wp-image-18\" src=\"https:\/\/htg.ind.br\/wp-content\/uploads\/2025\/02\/icone-insta-HTG-Hermes-Tobacco-Company.png\" alt=\"\" width=\"43\" height=\"43\" \/><\/a> <a href=\"https:\/\/www.facebook.com\/profile.php?id=61565610290313&#038;locale=pt_BR\" target=\"_blank\" rel=\"noopener\"><img loading=\"lazy\" decoding=\"async\" class=\"alignnone size-full wp-image-16\" src=\"https:\/\/htg.ind.br\/wp-content\/uploads\/2025\/02\/icone-face-HTG-Hermes-Tobacco-Company.png\" alt=\"\" width=\"21\" height=\"43\" \/><\/a> <a href=\"https:\/\/www.linkedin.com\/company\/htg-hermes-tobacco-group\/\" target=\"_blank\" rel=\"noopener\"><img loading=\"lazy\" decoding=\"async\" class=\"alignnone size-full wp-image-19\" src=\"https:\/\/htg.ind.br\/wp-content\/uploads\/2025\/02\/icone-linkedin-HTG-Hermes-Tobacco-Company.png\" alt=\"\" width=\"43\" height=\"43\" \/><\/a>[\/vc_column_text][\/vc_column][\/vc_row][vc_row class=&#8221;lin-h-rod&#8221;][vc_column width=&#8221;1\/3&#8243;][vc_single_image image=&#8221;21&#8243; img_size=&#8221;full&#8221; el_class=&#8221;img-h-rod&#8221;][\/vc_column][vc_column width=&#8221;1\/3&#8243;][vc_column_text el_class=&#8221;tex-h-rod-1 fin whi&#8221;]<a href=\"https:\/\/maps.app.goo.gl\/AL7buDYW3N2khMRB6\" target=\"_blank\" rel=\"noopener\">Rua Adolfo Thiel, 122 &#8211; Industrial 2 &#8211; Vera Cruz &#8211; RS &#8211; Brasil<\/a>[\/vc_column_text][vc_column_text el_class=&#8221;tex-h-rod-1 fin whi hide&#8221;]<a href=\"https:\/\/maps.app.goo.gl\/s46C7W32ApfzFFcAA\">RSC 287 &#8211; Km 115 \/ Vera Cruz &#8211; RS &#8211; Brasil<\/a>[\/vc_column_text][\/vc_column][vc_column width=&#8221;1\/3&#8243;][vc_column_text el_class=&#8221;tex-h-rod-2 fin whi&#8221;]<\/p>\n<div class=\"men-h-con-1\"><a href=\"#sobre\">Sobre n\u00f3s<\/a><br \/>\n<a href=\"#produtos\">Produtos<\/a><br \/>\n<a href=\"#contato\">Contato<\/a><\/div>\n<div class=\"men-h-con-2\"><a href=\"#\">Pol\u00edtica de Privacidade<\/a><br \/>\n<a href=\"#\">Termos de Uso<\/a><\/div>\n<p>[\/vc_column_text][\/vc_column][\/vc_row]<\/p>\n<\/div>","protected":false},"excerpt":{"rendered":"<p>[vc_row bg_image=&#8221;12&#8243; class=&#8221;lin-h-ban&#8221;][vc_column width=&#8221;1\/1&#8243;][vc_single_image image=&#8221;10&#8243; img_size=&#8221;full&#8221; alignment=&#8221;right&#8221; css_animation=&#8221;fadeInLeft&#8221; el_class=&#8221;img-h-ban&#8221;][vc_column_text css_animation=&#8221;fadeInRight&#8221; el_class=&#8221;tit-h-ban-1 whi fak&#8221;]Tradi\u00e7\u00e3o e inova\u00e7\u00e3o transformados em valores[\/vc_column_text][vc_row_inner][vc_column_inner el_class=&#8221;col-h-bot-ger&#8221;][vc_btn title=&#8221;Saiba mais sobre nossa empresa&#8221; css_animation=&#8221;fadeInDown&#8221; el_class=&#8221;bot-h-ban&#8221; link=&#8221;url:%23somos&#8221;][\/vc_column_inner][\/vc_row_inner][\/vc_column][\/vc_row][vc_row bg_color=&#8221;#143f35&#8243; class=&#8221;lin-h-fun&#8221; row_id=&#8221;somos&#8221;][vc_column width=&#8221;1\/1&#8243;][vc_column_text css_animation=&#8221;fadeInLeft&#8221; el_class=&#8221;tit-h-fun fak whi&#8221;]A Sem Fronteiras agora \u00e9 HTG Hermes Tobacco Group[\/vc_column_text][vc_column_text css_animation=&#8221;fadeInRight&#8221; el_class=&#8221;tex-h-fun fin whi&#8221;]Somos uma empresa que alia tradi\u00e7\u00e3o e inova\u00e7\u00e3o no beneficiamento de tabaco. Estamos expandindo nossas opera\u00e7\u00f5es com uma nova planta industrial em Vera Cruz (RS), representando nosso compromisso com a excel\u00eancia e o crescimento sustent\u00e1vel.[\/vc_column_text][vc_row_inner el_class=&#8221;slin-h-fun show-desk hide&#8221;][vc_column_inner width=&#8221;1\/2&#8243;][vc_column_text css_animation=&#8221;fadeInRight&#8221; el_class=&#8221;stit-h-fun-a1 fin whi&#8221;]\u00c1rea total[\/vc_column_text][vc_column_text css_animation=&#8221;fadeInRight&#8221; el_class=&#8221;stit-h-fun-a2 fin whi&#8221;]\u00c1rea constru\u00edda[\/vc_column_text][vc_column_text css_animation=&#8221;fadeInRight&#8221; el_class=&#8221;stit-h-fun-a3 fin whi&#8221;]In\u00edcio das opera\u00e7\u00f5es[\/vc_column_text][\/vc_column_inner][vc_column_inner width=&#8221;1\/2&#8243;][vc_column_text css_animation=&#8221;fadeInLeft&#8221; el_class=&#8221;stit-h-fun-b1 fin whi&#8221;]65.000 m\u00b2[\/vc_column_text][vc_column_text css_animation=&#8221;fadeInLeft&#8221; el_class=&#8221;stit-h-fun-b2 fin whi&#8221;]30.000 m\u00b2[\/vc_column_text][vc_column_text css_animation=&#8221;fadeInLeft&#8221; el_class=&#8221;stit-h-fun-b3 fin whi&#8221;]Safra 2026[\/vc_column_text][\/vc_column_inner][\/vc_row_inner][vc_row_inner el_class=&#8221;slin-h-fun show-mobi hide&#8221;][vc_column_inner][vc_column_text css_animation=&#8221;fadeInRight&#8221; el_class=&#8221;stit-h-fun-a1 fin whi&#8221;]\u00c1rea total[\/vc_column_text][vc_column_text css_animation=&#8221;fadeInLeft&#8221; el_class=&#8221;stit-h-fun-b2 fin whi&#8221;]65.000 m\u00b2[\/vc_column_text][vc_column_text css_animation=&#8221;fadeInRight&#8221; el_class=&#8221;stit-h-fun-a2 fin whi&#8221;]\u00c1rea constru\u00edda[\/vc_column_text][vc_column_text css_animation=&#8221;fadeInLeft&#8221; el_class=&#8221;stit-h-fun-b1 fin whi&#8221;]30.000 m\u00b2[\/vc_column_text][vc_column_text css_animation=&#8221;fadeInRight&#8221; el_class=&#8221;stit-h-fun-a3 fin whi&#8221;]In\u00edcio das opera\u00e7\u00f5es[\/vc_column_text][vc_column_text css_animation=&#8221;fadeInLeft&#8221; el_class=&#8221;stit-h-fun-b3 fin whi&#8221;]Safra 2026[\/vc_column_text][\/vc_column_inner][\/vc_row_inner][vc_column_text css_animation=&#8221;fadeInDown&#8221; el_class=&#8221;stex-h-fun fin whi hide&#8221;]A nova f\u00e1brica oferece uma infraestrutura moderna, garantindo mais efici\u00eancia e seguran\u00e7a, pronta para atender \u00e0s necessidades do mercado.[\/vc_column_text][\/vc_column][\/vc_row][vc_row bg_image=&#8221;14&#8243; class=&#8221;lin-h-img hide&#8221;][vc_column animation=&#8221;fade-in-from-left&#8221; width=&#8221;1\/1&#8243; delay=&#8221;300&#8243;][\/vc_column][\/vc_row][vc_row class=&#8221;lin-h-emp&#8221; row_id=&#8221;sobre&#8221;][vc_column width=&#8221;1\/1&#8243;][vc_column_text css_animation=&#8221;fadeInDown&#8221; el_class=&#8221;tit-h-emp fak grn&#8221;]Sobre a Empresa[\/vc_column_text][vc_row_inner el_class=&#8221;slin-h-emp show-desk&#8221;][vc_column_inner el_class=&#8221;scol-h-emp-1&#8243; width=&#8221;1\/4&#8243;][vc_column_text css_animation=&#8221;fadeInRight&#8221; el_class=&#8221;stit-h-emp-1 fin grn&#8221;]Miss\u00e3o[\/vc_column_text][vc_column_text css_animation=&#8221;fadeInRight&#8221; el_class=&#8221;stit-h-emp-2 fin [&hellip;]<\/p>\n","protected":false},"author":1,"featured_media":0,"parent":0,"menu_order":0,"comment_status":"closed","ping_status":"closed","template":"","meta":{"footnotes":""},"class_list":["post-7","page","type-page","status-publish","hentry"],"aioseo_notices":[],"_links":{"self":[{"href":"https:\/\/htg.ind.br\/pt\/wp-json\/wp\/v2\/pages\/7","targetHints":{"allow":["GET"]}}],"collection":[{"href":"https:\/\/htg.ind.br\/pt\/wp-json\/wp\/v2\/pages"}],"about":[{"href":"https:\/\/htg.ind.br\/pt\/wp-json\/wp\/v2\/types\/page"}],"author":[{"embeddable":true,"href":"https:\/\/htg.ind.br\/pt\/wp-json\/wp\/v2\/users\/1"}],"replies":[{"embeddable":true,"href":"https:\/\/htg.ind.br\/pt\/wp-json\/wp\/v2\/comments?post=7"}],"version-history":[{"count":109,"href":"https:\/\/htg.ind.br\/pt\/wp-json\/wp\/v2\/pages\/7\/revisions"}],"predecessor-version":[{"id":174,"href":"https:\/\/htg.ind.br\/pt\/wp-json\/wp\/v2\/pages\/7\/revisions\/174"}],"wp:attachment":[{"href":"https:\/\/htg.ind.br\/pt\/wp-json\/wp\/v2\/media?parent=7"}],"curies":[{"name":"wp","href":"https:\/\/api.w.org\/{rel}","templated":true}]}}