{"id":86,"date":"2025-02-21T15:46:43","date_gmt":"2025-02-21T15:46:43","guid":{"rendered":"https:\/\/htg.ind.br\/?page_id=86"},"modified":"2025-03-20T19:49:36","modified_gmt":"2025-03-20T19:49:36","slug":"produtos","status":"publish","type":"page","link":"https:\/\/htg.ind.br\/pt\/produtos\/","title":{"rendered":"Produtos"},"content":{"rendered":"<div class=\"wpb-content-wrapper\"><p>[vc_row full_height=&#8221;true&#8221;][vc_column width=&#8221;1\/1&#8243;][vc_column_text el_class=&#8221;tex-in-pro&#8221;]Descubra a ess\u00eancia \u00fanica do tabaco em nossa sele\u00e7\u00e3o de produtos de qualidade exclusiva. Oferecemos uma linha completa de produtos processados com precis\u00e3o e excel\u00eancia para atender \u00e0s necessidades dos nossos clientes e do mercado.[\/vc_column_text][vc_single_image image=&#8221;140&#8243; img_size=&#8221;full&#8221; el_class=&#8221;img-in-pro&#8221;][\/vc_column][\/vc_row][vc_row class=&#8221;lin-h-con&#8221; row_id=&#8221;contato&#8221;][vc_column width=&#8221;1\/3&#8243;][vc_column_text el_class=&#8221;tex-h-con-1 fin whi&#8221;]<a href=\"http:\/\/wa.me\/5196148831\" target=\"_blank\" rel=\"noopener\"><img loading=\"lazy\" decoding=\"async\" class=\"alignnone size-full wp-image-17\" src=\"https:\/\/htg.ind.br\/wp-content\/uploads\/2025\/02\/icone-fone-HTG-Hermes-Tobacco-Company.png\" alt=\"\" width=\"44\" height=\"44\" \/> (51) 99614.8831<\/a>[\/vc_column_text][\/vc_column][vc_column width=&#8221;1\/3&#8243;][vc_column_text el_class=&#8221;tex-h-con-2 fin whi&#8221;]<a href=\"mailto:contato@htg.ind.br\"><img loading=\"lazy\" decoding=\"async\" class=\"alignnone wp-image-15 size-full\" src=\"https:\/\/htg.ind.br\/wp-content\/uploads\/2025\/02\/icone-email-HTG-Hermes-Tobacco-Company.png\" alt=\"\" width=\"46\" height=\"31\" \/> contato@htg.ind.br<\/a>[\/vc_column_text][\/vc_column][vc_column width=&#8221;1\/3&#8243;][vc_column_text el_class=&#8221;tex-h-con-3 fin whi&#8221;]Siga-nos <a href=\"https:\/\/www.instagram.com\/htgtobacco\/\" target=\"_blank\" rel=\"noopener\"><img loading=\"lazy\" decoding=\"async\" class=\"alignnone size-full wp-image-18\" src=\"https:\/\/htg.ind.br\/wp-content\/uploads\/2025\/02\/icone-insta-HTG-Hermes-Tobacco-Company.png\" alt=\"\" width=\"43\" height=\"43\" \/><\/a> <a href=\"facebook.com\" target=\"_blank\" rel=\"noopener\"><img loading=\"lazy\" decoding=\"async\" class=\"alignnone size-full wp-image-16\" src=\"https:\/\/htg.ind.br\/wp-content\/uploads\/2025\/02\/icone-face-HTG-Hermes-Tobacco-Company.png\" alt=\"\" width=\"21\" height=\"43\" \/><\/a> <a href=\"https:\/\/www.linkedin.com\/company\/htg-hermes-tobacco-group\/\" target=\"_blank\" rel=\"noopener\"><img loading=\"lazy\" decoding=\"async\" class=\"alignnone size-full wp-image-19\" src=\"https:\/\/htg.ind.br\/wp-content\/uploads\/2025\/02\/icone-linkedin-HTG-Hermes-Tobacco-Company.png\" alt=\"\" width=\"43\" height=\"43\" \/><\/a>[\/vc_column_text][\/vc_column][\/vc_row][vc_row class=&#8221;lin-h-rod&#8221;][vc_column width=&#8221;1\/3&#8243;][vc_single_image image=&#8221;21&#8243; img_size=&#8221;full&#8221; el_class=&#8221;img-h-rod&#8221;][\/vc_column][vc_column width=&#8221;1\/3&#8243;][vc_column_text el_class=&#8221;tex-h-rod-1 fin whi&#8221;]<a href=\"https:\/\/maps.app.goo.gl\/s46C7W32ApfzFFcAA\">RSC 287 &#8211; Km 115 \/ Vera Cruz &#8211; RS &#8211; Brasil<\/a>[\/vc_column_text][\/vc_column][vc_column width=&#8221;1\/3&#8243;][vc_column_text el_class=&#8221;tex-h-rod-2 fin whi&#8221;]<\/p>\n<div class=\"men-h-con-1\"><a href=\"#sobre\">Sobre n\u00f3s<\/a><br \/>\n<a href=\"#produtos\">Produtos<\/a><br \/>\n<a href=\"#contato\">Contato<\/a><\/div>\n<div class=\"men-h-con-2\"><a href=\"#\">Pol\u00edtica de Privacidade<\/a><br \/>\n<a href=\"#\">Termos de Uso<\/a><\/div>\n<p>[\/vc_column_text][\/vc_column][\/vc_row]<\/p>\n<\/div>","protected":false},"excerpt":{"rendered":"<p>[vc_row full_height=&#8221;true&#8221;][vc_column width=&#8221;1\/1&#8243;][vc_column_text el_class=&#8221;tex-in-pro&#8221;]Descubra a ess\u00eancia \u00fanica do tabaco em nossa sele\u00e7\u00e3o de produtos de qualidade exclusiva. Oferecemos uma linha completa de produtos processados com precis\u00e3o e excel\u00eancia para atender \u00e0s necessidades dos nossos clientes e do mercado.[\/vc_column_text][vc_single_image image=&#8221;140&#8243; img_size=&#8221;full&#8221; el_class=&#8221;img-in-pro&#8221;][\/vc_column][\/vc_row][vc_row class=&#8221;lin-h-con&#8221; row_id=&#8221;contato&#8221;][vc_column width=&#8221;1\/3&#8243;][vc_column_text el_class=&#8221;tex-h-con-1 fin whi&#8221;] (51) 99614.8831[\/vc_column_text][\/vc_column][vc_column width=&#8221;1\/3&#8243;][vc_column_text el_class=&#8221;tex-h-con-2 fin whi&#8221;] contato@htg.ind.br[\/vc_column_text][\/vc_column][vc_column width=&#8221;1\/3&#8243;][vc_column_text el_class=&#8221;tex-h-con-3 fin whi&#8221;]Siga-nos [\/vc_column_text][\/vc_column][\/vc_row][vc_row class=&#8221;lin-h-rod&#8221;][vc_column width=&#8221;1\/3&#8243;][vc_single_image image=&#8221;21&#8243; img_size=&#8221;full&#8221; el_class=&#8221;img-h-rod&#8221;][\/vc_column][vc_column width=&#8221;1\/3&#8243;][vc_column_text el_class=&#8221;tex-h-rod-1 fin whi&#8221;]RSC 287 &#8211; Km 115 \/ Vera Cruz &#8211; RS &#8211; Brasil[\/vc_column_text][\/vc_column][vc_column width=&#8221;1\/3&#8243;][vc_column_text el_class=&#8221;tex-h-rod-2 fin whi&#8221;] Sobre n\u00f3s Produtos Contato Pol\u00edtica de Privacidade Termos de Uso [\/vc_column_text][\/vc_column][\/vc_row]<\/p>\n","protected":false},"author":1,"featured_media":0,"parent":0,"menu_order":0,"comment_status":"closed","ping_status":"closed","template":"","meta":{"footnotes":""},"class_list":["post-86","page","type-page","status-publish","hentry"],"aioseo_notices":[],"_links":{"self":[{"href":"https:\/\/htg.ind.br\/pt\/wp-json\/wp\/v2\/pages\/86","targetHints":{"allow":["GET"]}}],"collection":[{"href":"https:\/\/htg.ind.br\/pt\/wp-json\/wp\/v2\/pages"}],"about":[{"href":"https:\/\/htg.ind.br\/pt\/wp-json\/wp\/v2\/types\/page"}],"author":[{"embeddable":true,"href":"https:\/\/htg.ind.br\/pt\/wp-json\/wp\/v2\/users\/1"}],"replies":[{"embeddable":true,"href":"https:\/\/htg.ind.br\/pt\/wp-json\/wp\/v2\/comments?post=86"}],"version-history":[{"count":12,"href":"https:\/\/htg.ind.br\/pt\/wp-json\/wp\/v2\/pages\/86\/revisions"}],"predecessor-version":[{"id":148,"href":"https:\/\/htg.ind.br\/pt\/wp-json\/wp\/v2\/pages\/86\/revisions\/148"}],"wp:attachment":[{"href":"https:\/\/htg.ind.br\/pt\/wp-json\/wp\/v2\/media?parent=86"}],"curies":[{"name":"wp","href":"https:\/\/api.w.org\/{rel}","templated":true}]}}